{"id":507,"date":"2021-05-18T10:57:05","date_gmt":"2021-05-18T10:57:05","guid":{"rendered":"https:\/\/seguridadalimentaria.aupex.org\/?page_id=507"},"modified":"2021-06-15T22:28:10","modified_gmt":"2021-06-15T22:28:10","slug":"inicio","status":"publish","type":"page","link":"https:\/\/seguridadalimentaria.aupex.org\/","title":{"rendered":"Inicio"},"content":{"rendered":"\t\t<div data-elementor-type=\"wp-page\" data-elementor-id=\"507\" class=\"elementor elementor-507\">\n\t\t\t\t\t\t<section class=\"elementor-section elementor-top-section elementor-element elementor-element-d8258c7 elementor-section-full_width elementor-section-height-default elementor-section-height-default\" data-id=\"d8258c7\" data-element_type=\"section\" data-e-type=\"section\">\n\t\t\t\t\t\t<div class=\"elementor-container elementor-column-gap-default\">\n\t\t\t\t\t<div class=\"elementor-column elementor-col-100 elementor-top-column elementor-element elementor-element-3550abe\" data-id=\"3550abe\" data-element_type=\"column\" data-e-type=\"column\">\n\t\t\t<div class=\"elementor-widget-wrap elementor-element-populated\">\n\t\t\t\t\t\t<div class=\"elementor-element elementor-element-5bde776 elementor-widget elementor-widget-image\" data-id=\"5bde776\" data-element_type=\"widget\" data-e-type=\"widget\" data-widget_type=\"image.default\">\n\t\t\t\t<div class=\"elementor-widget-container\">\n\t\t\t\t\t\t\t\t\t\t\t\t\t\t\t<img fetchpriority=\"high\" decoding=\"async\" width=\"940\" height=\"642\" src=\"https:\/\/seguridadalimentaria.aupex.org\/wp-content\/uploads\/2021\/05\/Fotoportada.png\" class=\"attachment-large size-large wp-image-588\" alt=\"\" srcset=\"https:\/\/seguridadalimentaria.aupex.org\/wp-content\/uploads\/2021\/05\/Fotoportada.png 940w, https:\/\/seguridadalimentaria.aupex.org\/wp-content\/uploads\/2021\/05\/Fotoportada-300x205.png 300w, https:\/\/seguridadalimentaria.aupex.org\/wp-content\/uploads\/2021\/05\/Fotoportada-768x525.png 768w\" sizes=\"(max-width: 940px) 100vw, 940px\" \/>\t\t\t\t\t\t\t\t\t\t\t\t\t\t\t<\/div>\n\t\t\t\t<\/div>\n\t\t\t\t\t<\/div>\n\t\t<\/div>\n\t\t\t\t\t<\/div>\n\t\t<\/section>\n\t\t\t\t<section class=\"elementor-section elementor-top-section elementor-element elementor-element-308b73e elementor-section-boxed elementor-section-height-default elementor-section-height-default elementor-invisible\" data-id=\"308b73e\" data-element_type=\"section\" data-e-type=\"section\" data-settings=\"{&quot;animation&quot;:&quot;fadeInUp&quot;}\">\n\t\t\t\t\t\t<div class=\"elementor-container elementor-column-gap-default\">\n\t\t\t\t\t<div class=\"elementor-column elementor-col-100 elementor-top-column elementor-element elementor-element-b21dd58\" data-id=\"b21dd58\" data-element_type=\"column\" data-e-type=\"column\">\n\t\t\t<div class=\"elementor-widget-wrap elementor-element-populated\">\n\t\t\t\t\t\t<div class=\"elementor-element elementor-element-123f969 elementor-widget elementor-widget-text-editor\" data-id=\"123f969\" data-element_type=\"widget\" data-e-type=\"widget\" data-widget_type=\"text-editor.default\">\n\t\t\t\t<div class=\"elementor-widget-container\">\n\t\t\t\t\t\t\t\t\t<h2 style=\"text-align: center;\">proyecto: Seguridad Alimentaria nutricional ante el covid-19<\/h2><p>El proyecto est\u00e1 dividido en tres componentes: El primero es <strong>\u00abReproducci\u00f3n de pl\u00e1ntulas medicinales y para el alimento seguro en vivero\u00bb<\/strong>. Son Plantas org\u00e1nicas, que se reproducir\u00e1n a trav\u00e9s de semilleros, esquejes e injertos, implementando abonos org\u00e1nicos para el buen manejo. El segundo es <strong>\u00abValor agregado a plantas medicinales y arom\u00e1ticas\u00bb<\/strong>. Es importante para la conservaci\u00f3n de los componentes del vegetal fresco por m\u00e1s tiempo. Para esto se realizar\u00e1n procesos, tomando en cuenta la higiene y empaques adecuados. El tercero es <strong>\u00abPopularizaci\u00f3n y comercializaci\u00f3n\u00bb<\/strong>. Gracias al apoyo de la juventud en las comunidades y su conexi\u00f3n con personas mayores, se ha podido recolectar diferentes plantas y sus beneficios, ya que parte del objetivo de este componente es el rescate de conocimiento tradicional y educar a las personas sobre los beneficios de estas para la salud. Adem\u00e1s se promueven y comercializan a trav\u00e9s de diferentes espacios online.<\/p>\t\t\t\t\t\t\t\t<\/div>\n\t\t\t\t<\/div>\n\t\t\t\t\t<\/div>\n\t\t<\/div>\n\t\t\t\t\t<\/div>\n\t\t<\/section>\n\t\t\t\t<section class=\"elementor-section elementor-top-section elementor-element elementor-element-fe6fa52 elementor-section-boxed elementor-section-height-default elementor-section-height-default elementor-invisible\" data-id=\"fe6fa52\" data-element_type=\"section\" data-e-type=\"section\" data-settings=\"{&quot;animation&quot;:&quot;fadeInUp&quot;}\">\n\t\t\t\t\t\t<div class=\"elementor-container elementor-column-gap-default\">\n\t\t\t\t\t<div class=\"elementor-column elementor-col-50 elementor-top-column elementor-element elementor-element-270c5f7\" data-id=\"270c5f7\" data-element_type=\"column\" data-e-type=\"column\">\n\t\t\t<div class=\"elementor-widget-wrap elementor-element-populated\">\n\t\t\t\t\t\t<div class=\"elementor-element elementor-element-160d7129 elementor-widget elementor-widget-heading\" data-id=\"160d7129\" data-element_type=\"widget\" data-e-type=\"widget\" data-widget_type=\"heading.default\">\n\t\t\t\t<div class=\"elementor-widget-container\">\n\t\t\t\t\t<h2 class=\"elementor-heading-title elementor-size-large\">Asociaci\u00f3n de Universidades Populares de Extremadura<\/h2>\t\t\t\t<\/div>\n\t\t\t\t<\/div>\n\t\t\t\t<div class=\"elementor-element elementor-element-2ae362a6 elementor-widget-divider--view-line elementor-widget elementor-widget-divider\" data-id=\"2ae362a6\" data-element_type=\"widget\" data-e-type=\"widget\" data-widget_type=\"divider.default\">\n\t\t\t\t<div class=\"elementor-widget-container\">\n\t\t\t\t\t\t\t<div class=\"elementor-divider\">\n\t\t\t<span class=\"elementor-divider-separator\">\n\t\t\t\t\t\t<\/span>\n\t\t<\/div>\n\t\t\t\t\t\t<\/div>\n\t\t\t\t<\/div>\n\t\t\t\t<div class=\"elementor-element elementor-element-5ee1e7b6 elementor-align-start elementor-icon-list--layout-traditional elementor-list-item-link-full_width elementor-widget elementor-widget-icon-list\" data-id=\"5ee1e7b6\" data-element_type=\"widget\" data-e-type=\"widget\" data-widget_type=\"icon-list.default\">\n\t\t\t\t<div class=\"elementor-widget-container\">\n\t\t\t\t\t\t\t<ul class=\"elementor-icon-list-items\">\n\t\t\t\t\t\t\t<li class=\"elementor-icon-list-item\">\n\t\t\t\t\t\t\t\t\t\t\t<span class=\"elementor-icon-list-icon\">\n\t\t\t\t\t\t\t<i aria-hidden=\"true\" class=\"fas fa-map-marker-alt\"><\/i>\t\t\t\t\t\t<\/span>\n\t\t\t\t\t\t\t\t\t\t<span class=\"elementor-icon-list-text\">c\/ Vasco N\u00fa\u00f1ez, 31 Badajoz<\/span>\n\t\t\t\t\t\t\t\t\t<\/li>\n\t\t\t\t\t\t\t\t<li class=\"elementor-icon-list-item\">\n\t\t\t\t\t\t\t\t\t\t\t<span class=\"elementor-icon-list-icon\">\n\t\t\t\t\t\t\t<i aria-hidden=\"true\" class=\"fas fa-map-marker\"><\/i>\t\t\t\t\t\t<\/span>\n\t\t\t\t\t\t\t\t\t\t<span class=\"elementor-icon-list-text\">06001 Badajoz<\/span>\n\t\t\t\t\t\t\t\t\t<\/li>\n\t\t\t\t\t\t\t\t<li class=\"elementor-icon-list-item\">\n\t\t\t\t\t\t\t\t\t\t\t<span class=\"elementor-icon-list-icon\">\n\t\t\t\t\t\t\t<i aria-hidden=\"true\" class=\"fas fa-envelope-square\"><\/i>\t\t\t\t\t\t<\/span>\n\t\t\t\t\t\t\t\t\t\t<span class=\"elementor-icon-list-text\">aupexcooperacion@aupex.org<\/span>\n\t\t\t\t\t\t\t\t\t<\/li>\n\t\t\t\t\t\t\t\t<li class=\"elementor-icon-list-item\">\n\t\t\t\t\t\t\t\t\t\t\t<span class=\"elementor-icon-list-icon\">\n\t\t\t\t\t\t\t<i aria-hidden=\"true\" class=\"fas fa-phone-square\"><\/i>\t\t\t\t\t\t<\/span>\n\t\t\t\t\t\t\t\t\t\t<span class=\"elementor-icon-list-text\">(+34) 699440730 <\/span>\n\t\t\t\t\t\t\t\t\t<\/li>\n\t\t\t\t\t\t<\/ul>\n\t\t\t\t\t\t<\/div>\n\t\t\t\t<\/div>\n\t\t\t\t\t<\/div>\n\t\t<\/div>\n\t\t\t\t<div class=\"elementor-column elementor-col-50 elementor-top-column elementor-element elementor-element-b99204c\" data-id=\"b99204c\" data-element_type=\"column\" data-e-type=\"column\">\n\t\t\t<div class=\"elementor-widget-wrap elementor-element-populated\">\n\t\t\t\t\t\t<div class=\"elementor-element elementor-element-dd16548 elementor-widget elementor-widget-google_maps\" data-id=\"dd16548\" data-element_type=\"widget\" data-e-type=\"widget\" data-widget_type=\"google_maps.default\">\n\t\t\t\t<div class=\"elementor-widget-container\">\n\t\t\t\t\t\t\t<div class=\"elementor-custom-embed\">\n\t\t\t<iframe loading=\"lazy\"\n\t\t\t\t\tsrc=\"https:\/\/maps.google.com\/maps?q=calle%20Vasco%20N%C3%BA%C3%B1ez%2031%20Badajoz&#038;t=m&#038;z=10&#038;output=embed&#038;iwloc=near\"\n\t\t\t\t\ttitle=\"calle Vasco N\u00fa\u00f1ez 31 Badajoz\"\n\t\t\t\t\taria-label=\"calle Vasco N\u00fa\u00f1ez 31 Badajoz\"\n\t\t\t><\/iframe>\n\t\t<\/div>\n\t\t\t\t\t\t<\/div>\n\t\t\t\t<\/div>\n\t\t\t\t\t<\/div>\n\t\t<\/div>\n\t\t\t\t\t<\/div>\n\t\t<\/section>\n\t\t\t\t<\/div>\n\t\t","protected":false},"excerpt":{"rendered":"<p>proyecto: Seguridad Alimentaria nutricional ante el covid-19 El proyecto est\u00e1 dividido en tres componentes: El primero es \u00abReproducci\u00f3n de pl\u00e1ntulas medicinales y para el alimento seguro en vivero\u00bb. Son Plantas org\u00e1nicas, que se reproducir\u00e1n a trav\u00e9s de semilleros, esquejes e injertos, implementando abonos org\u00e1nicos para el buen manejo. El segundo es \u00abValor agregado a plantas&hellip;&nbsp;<a href=\"https:\/\/seguridadalimentaria.aupex.org\/\" class=\"\" rel=\"bookmark\">Leer m\u00e1s &raquo;<span class=\"screen-reader-text\">Inicio<\/span><\/a><\/p>\n","protected":false},"author":1,"featured_media":0,"parent":0,"menu_order":0,"comment_status":"closed","ping_status":"closed","template":"page-templates\/template-pagebuilder-full-width.php","meta":{"neve_meta_sidebar":"full-width","neve_meta_container":"","neve_meta_enable_content_width":"on","neve_meta_content_width":100,"neve_meta_title_alignment":"","neve_meta_author_avatar":"","neve_post_elements_order":"","neve_meta_disable_header":"","neve_meta_disable_footer":"","neve_meta_disable_title":"","footnotes":""},"class_list":["post-507","page","type-page","status-publish","hentry"],"yoast_head":"<!-- This site is optimized with the Yoast SEO plugin v27.3 - https:\/\/yoast.com\/product\/yoast-seo-wordpress\/ -->\n<title>Inicio - Seguridad Alimentaria \u00b7 AUPEX<\/title>\n<meta name=\"robots\" content=\"index, follow, max-snippet:-1, max-image-preview:large, max-video-preview:-1\" \/>\n<link rel=\"canonical\" href=\"https:\/\/seguridadalimentaria.aupex.org\/\" \/>\n<meta property=\"og:locale\" content=\"es_ES\" \/>\n<meta property=\"og:type\" content=\"article\" \/>\n<meta property=\"og:title\" content=\"Inicio - Seguridad Alimentaria \u00b7 AUPEX\" \/>\n<meta property=\"og:description\" content=\"proyecto: Seguridad Alimentaria nutricional ante el covid-19 El proyecto est\u00e1 dividido en tres componentes: El primero es \u00abReproducci\u00f3n de pl\u00e1ntulas medicinales y para el alimento seguro en vivero\u00bb. Son Plantas org\u00e1nicas, que se reproducir\u00e1n a trav\u00e9s de semilleros, esquejes e injertos, implementando abonos org\u00e1nicos para el buen manejo. El segundo es \u00abValor agregado a plantas&hellip;&nbsp;Leer m\u00e1s &raquo;Inicio\" \/>\n<meta property=\"og:url\" content=\"https:\/\/seguridadalimentaria.aupex.org\/\" \/>\n<meta property=\"og:site_name\" content=\"Seguridad Alimentaria \u00b7 AUPEX\" \/>\n<meta property=\"article:modified_time\" content=\"2021-06-15T22:28:10+00:00\" \/>\n<meta property=\"og:image\" content=\"https:\/\/seguridadalimentaria.aupex.org\/wp-content\/uploads\/2021\/05\/Fotoportada.png\" \/>\n<meta name=\"twitter:card\" content=\"summary_large_image\" \/>\n<meta name=\"twitter:label1\" content=\"Tiempo de lectura\" \/>\n\t<meta name=\"twitter:data1\" content=\"1 minuto\" \/>\n<script type=\"application\/ld+json\" class=\"yoast-schema-graph\">{\"@context\":\"https:\\\/\\\/schema.org\",\"@graph\":[{\"@type\":\"WebPage\",\"@id\":\"https:\\\/\\\/seguridadalimentaria.aupex.org\\\/\",\"url\":\"https:\\\/\\\/seguridadalimentaria.aupex.org\\\/\",\"name\":\"Inicio - Seguridad Alimentaria \u00b7 AUPEX\",\"isPartOf\":{\"@id\":\"https:\\\/\\\/seguridadalimentaria.aupex.org\\\/#website\"},\"primaryImageOfPage\":{\"@id\":\"https:\\\/\\\/seguridadalimentaria.aupex.org\\\/#primaryimage\"},\"image\":{\"@id\":\"https:\\\/\\\/seguridadalimentaria.aupex.org\\\/#primaryimage\"},\"thumbnailUrl\":\"https:\\\/\\\/seguridadalimentaria.aupex.org\\\/wp-content\\\/uploads\\\/2021\\\/05\\\/Fotoportada.png\",\"datePublished\":\"2021-05-18T10:57:05+00:00\",\"dateModified\":\"2021-06-15T22:28:10+00:00\",\"breadcrumb\":{\"@id\":\"https:\\\/\\\/seguridadalimentaria.aupex.org\\\/#breadcrumb\"},\"inLanguage\":\"es\",\"potentialAction\":[{\"@type\":\"ReadAction\",\"target\":[\"https:\\\/\\\/seguridadalimentaria.aupex.org\\\/\"]}]},{\"@type\":\"ImageObject\",\"inLanguage\":\"es\",\"@id\":\"https:\\\/\\\/seguridadalimentaria.aupex.org\\\/#primaryimage\",\"url\":\"https:\\\/\\\/seguridadalimentaria.aupex.org\\\/wp-content\\\/uploads\\\/2021\\\/05\\\/Fotoportada.png\",\"contentUrl\":\"https:\\\/\\\/seguridadalimentaria.aupex.org\\\/wp-content\\\/uploads\\\/2021\\\/05\\\/Fotoportada.png\",\"width\":940,\"height\":642},{\"@type\":\"BreadcrumbList\",\"@id\":\"https:\\\/\\\/seguridadalimentaria.aupex.org\\\/#breadcrumb\",\"itemListElement\":[{\"@type\":\"ListItem\",\"position\":1,\"name\":\"Portada\",\"item\":\"https:\\\/\\\/seguridadalimentaria.aupex.org\\\/\"},{\"@type\":\"ListItem\",\"position\":2,\"name\":\"Inicio\"}]},{\"@type\":\"WebSite\",\"@id\":\"https:\\\/\\\/seguridadalimentaria.aupex.org\\\/#website\",\"url\":\"https:\\\/\\\/seguridadalimentaria.aupex.org\\\/\",\"name\":\"Seguridad Alimentaria \u00b7 AUPEX\",\"description\":\"\",\"publisher\":{\"@id\":\"https:\\\/\\\/seguridadalimentaria.aupex.org\\\/#organization\"},\"potentialAction\":[{\"@type\":\"SearchAction\",\"target\":{\"@type\":\"EntryPoint\",\"urlTemplate\":\"https:\\\/\\\/seguridadalimentaria.aupex.org\\\/?s={search_term_string}\"},\"query-input\":{\"@type\":\"PropertyValueSpecification\",\"valueRequired\":true,\"valueName\":\"search_term_string\"}}],\"inLanguage\":\"es\"},{\"@type\":\"Organization\",\"@id\":\"https:\\\/\\\/seguridadalimentaria.aupex.org\\\/#organization\",\"name\":\"Seguridad Alimentaria \u00b7 AUPEX\",\"url\":\"https:\\\/\\\/seguridadalimentaria.aupex.org\\\/\",\"logo\":{\"@type\":\"ImageObject\",\"inLanguage\":\"es\",\"@id\":\"https:\\\/\\\/seguridadalimentaria.aupex.org\\\/#\\\/schema\\\/logo\\\/image\\\/\",\"url\":\"https:\\\/\\\/seguridadalimentaria.aupex.org\\\/wp-content\\\/uploads\\\/2021\\\/05\\\/cropped-WhatsApp-Image-2021-05-10-at-14.06.21-1.jpeg\",\"contentUrl\":\"https:\\\/\\\/seguridadalimentaria.aupex.org\\\/wp-content\\\/uploads\\\/2021\\\/05\\\/cropped-WhatsApp-Image-2021-05-10-at-14.06.21-1.jpeg\",\"width\":256,\"height\":114,\"caption\":\"Seguridad Alimentaria \u00b7 AUPEX\"},\"image\":{\"@id\":\"https:\\\/\\\/seguridadalimentaria.aupex.org\\\/#\\\/schema\\\/logo\\\/image\\\/\"}}]}<\/script>\n<!-- \/ Yoast SEO plugin. -->","yoast_head_json":{"title":"Inicio - Seguridad Alimentaria \u00b7 AUPEX","robots":{"index":"index","follow":"follow","max-snippet":"max-snippet:-1","max-image-preview":"max-image-preview:large","max-video-preview":"max-video-preview:-1"},"canonical":"https:\/\/seguridadalimentaria.aupex.org\/","og_locale":"es_ES","og_type":"article","og_title":"Inicio - Seguridad Alimentaria \u00b7 AUPEX","og_description":"proyecto: Seguridad Alimentaria nutricional ante el covid-19 El proyecto est\u00e1 dividido en tres componentes: El primero es \u00abReproducci\u00f3n de pl\u00e1ntulas medicinales y para el alimento seguro en vivero\u00bb. Son Plantas org\u00e1nicas, que se reproducir\u00e1n a trav\u00e9s de semilleros, esquejes e injertos, implementando abonos org\u00e1nicos para el buen manejo. El segundo es \u00abValor agregado a plantas&hellip;&nbsp;Leer m\u00e1s &raquo;Inicio","og_url":"https:\/\/seguridadalimentaria.aupex.org\/","og_site_name":"Seguridad Alimentaria \u00b7 AUPEX","article_modified_time":"2021-06-15T22:28:10+00:00","og_image":[{"url":"https:\/\/seguridadalimentaria.aupex.org\/wp-content\/uploads\/2021\/05\/Fotoportada.png","type":"","width":"","height":""}],"twitter_card":"summary_large_image","twitter_misc":{"Tiempo de lectura":"1 minuto"},"schema":{"@context":"https:\/\/schema.org","@graph":[{"@type":"WebPage","@id":"https:\/\/seguridadalimentaria.aupex.org\/","url":"https:\/\/seguridadalimentaria.aupex.org\/","name":"Inicio - Seguridad Alimentaria \u00b7 AUPEX","isPartOf":{"@id":"https:\/\/seguridadalimentaria.aupex.org\/#website"},"primaryImageOfPage":{"@id":"https:\/\/seguridadalimentaria.aupex.org\/#primaryimage"},"image":{"@id":"https:\/\/seguridadalimentaria.aupex.org\/#primaryimage"},"thumbnailUrl":"https:\/\/seguridadalimentaria.aupex.org\/wp-content\/uploads\/2021\/05\/Fotoportada.png","datePublished":"2021-05-18T10:57:05+00:00","dateModified":"2021-06-15T22:28:10+00:00","breadcrumb":{"@id":"https:\/\/seguridadalimentaria.aupex.org\/#breadcrumb"},"inLanguage":"es","potentialAction":[{"@type":"ReadAction","target":["https:\/\/seguridadalimentaria.aupex.org\/"]}]},{"@type":"ImageObject","inLanguage":"es","@id":"https:\/\/seguridadalimentaria.aupex.org\/#primaryimage","url":"https:\/\/seguridadalimentaria.aupex.org\/wp-content\/uploads\/2021\/05\/Fotoportada.png","contentUrl":"https:\/\/seguridadalimentaria.aupex.org\/wp-content\/uploads\/2021\/05\/Fotoportada.png","width":940,"height":642},{"@type":"BreadcrumbList","@id":"https:\/\/seguridadalimentaria.aupex.org\/#breadcrumb","itemListElement":[{"@type":"ListItem","position":1,"name":"Portada","item":"https:\/\/seguridadalimentaria.aupex.org\/"},{"@type":"ListItem","position":2,"name":"Inicio"}]},{"@type":"WebSite","@id":"https:\/\/seguridadalimentaria.aupex.org\/#website","url":"https:\/\/seguridadalimentaria.aupex.org\/","name":"Seguridad Alimentaria \u00b7 AUPEX","description":"","publisher":{"@id":"https:\/\/seguridadalimentaria.aupex.org\/#organization"},"potentialAction":[{"@type":"SearchAction","target":{"@type":"EntryPoint","urlTemplate":"https:\/\/seguridadalimentaria.aupex.org\/?s={search_term_string}"},"query-input":{"@type":"PropertyValueSpecification","valueRequired":true,"valueName":"search_term_string"}}],"inLanguage":"es"},{"@type":"Organization","@id":"https:\/\/seguridadalimentaria.aupex.org\/#organization","name":"Seguridad Alimentaria \u00b7 AUPEX","url":"https:\/\/seguridadalimentaria.aupex.org\/","logo":{"@type":"ImageObject","inLanguage":"es","@id":"https:\/\/seguridadalimentaria.aupex.org\/#\/schema\/logo\/image\/","url":"https:\/\/seguridadalimentaria.aupex.org\/wp-content\/uploads\/2021\/05\/cropped-WhatsApp-Image-2021-05-10-at-14.06.21-1.jpeg","contentUrl":"https:\/\/seguridadalimentaria.aupex.org\/wp-content\/uploads\/2021\/05\/cropped-WhatsApp-Image-2021-05-10-at-14.06.21-1.jpeg","width":256,"height":114,"caption":"Seguridad Alimentaria \u00b7 AUPEX"},"image":{"@id":"https:\/\/seguridadalimentaria.aupex.org\/#\/schema\/logo\/image\/"}}]}},"_links":{"self":[{"href":"https:\/\/seguridadalimentaria.aupex.org\/index.php\/wp-json\/wp\/v2\/pages\/507","targetHints":{"allow":["GET"]}}],"collection":[{"href":"https:\/\/seguridadalimentaria.aupex.org\/index.php\/wp-json\/wp\/v2\/pages"}],"about":[{"href":"https:\/\/seguridadalimentaria.aupex.org\/index.php\/wp-json\/wp\/v2\/types\/page"}],"author":[{"embeddable":true,"href":"https:\/\/seguridadalimentaria.aupex.org\/index.php\/wp-json\/wp\/v2\/users\/1"}],"replies":[{"embeddable":true,"href":"https:\/\/seguridadalimentaria.aupex.org\/index.php\/wp-json\/wp\/v2\/comments?post=507"}],"version-history":[{"count":128,"href":"https:\/\/seguridadalimentaria.aupex.org\/index.php\/wp-json\/wp\/v2\/pages\/507\/revisions"}],"predecessor-version":[{"id":881,"href":"https:\/\/seguridadalimentaria.aupex.org\/index.php\/wp-json\/wp\/v2\/pages\/507\/revisions\/881"}],"wp:attachment":[{"href":"https:\/\/seguridadalimentaria.aupex.org\/index.php\/wp-json\/wp\/v2\/media?parent=507"}],"curies":[{"name":"wp","href":"https:\/\/api.w.org\/{rel}","templated":true}]}}