{"id":517,"date":"2021-05-18T11:01:10","date_gmt":"2021-05-18T11:01:10","guid":{"rendered":"https:\/\/seguridadalimentaria.aupex.org\/?page_id=517"},"modified":"2021-05-18T15:17:30","modified_gmt":"2021-05-18T15:17:30","slug":"indicadores-de-publicaciones","status":"publish","type":"page","link":"https:\/\/seguridadalimentaria.aupex.org\/index.php\/indicadores-de-publicaciones\/","title":{"rendered":"Indicadores de publicaciones"},"content":{"rendered":"\n<p><strong>Enlaces de las publicaciones en espacios On-line del proyecto Diputaci\u00f3n de Badajoz:<\/strong><\/p>\n\n\n\n<p><strong>Publicaciones de Facebook<\/strong><\/p>\n\n\n\n<figure class=\"wp-block-embed\"><div class=\"wp-block-embed__wrapper\">\nhttps:\/\/www.facebook.com\/ciiasdenic\/videos\/372789997226231\n<\/div><\/figure>\n\n\n\n<figure class=\"wp-block-embed\"><div class=\"wp-block-embed__wrapper\">\nhttps:\/\/www.facebook.com\/ciiasdenic\/videos\/462400458360146\n<\/div><\/figure>\n\n\n\n<figure class=\"wp-block-embed\"><div class=\"wp-block-embed__wrapper\">\nhttps:\/\/www.facebook.com\/ciiasdenic\/photos\/a.200127729308\/10159346972019309\n<\/div><\/figure>\n\n\n\n<figure class=\"wp-block-embed\"><div class=\"wp-block-embed__wrapper\">\nhttps:\/\/www.facebook.com\/ciiasdenic\/photos\/a.200127729308\/10159346972019309\/\n<\/div><\/figure>\n\n\n\n<figure class=\"wp-block-embed\"><div class=\"wp-block-embed__wrapper\">\nhttps:\/\/www.facebook.com\/ciiasdenic\/photos\/a.200127729308\/10159349005554309\/\n<\/div><\/figure>\n\n\n\n<figure class=\"wp-block-embed\"><div class=\"wp-block-embed__wrapper\">\nhttps:\/\/www.facebook.com\/ciiasdenic\/photos\/a.200127729308\/10159339143014309\/\n<\/div><\/figure>\n\n\n\n<figure class=\"wp-block-embed\"><div class=\"wp-block-embed__wrapper\">\nhttps:\/\/www.facebook.com\/ciiasdenic\/photos\/a.200127729308\/10159339206849309\/\n<\/div><\/figure>\n\n\n\n<figure class=\"wp-block-embed\"><div class=\"wp-block-embed__wrapper\">\nhttps:\/\/www.facebook.com\/ciiasdenic\/photos\/a.200127729308\/10159323211999309\/\n<\/div><\/figure>\n\n\n\n<figure class=\"wp-block-embed\"><div class=\"wp-block-embed__wrapper\">\nhttps:\/\/www.facebook.com\/ciiasdenic\/photos\/a.200127729308\/10159339112079309\/\n<\/div><\/figure>\n\n\n\n<figure class=\"wp-block-embed\"><div class=\"wp-block-embed__wrapper\">\nhttps:\/\/www.facebook.com\/ciiasdenic\/photos\/pcb.10159319551929309\/10159319527679309\/\n<\/div><\/figure>\n\n\n\n<figure class=\"wp-block-embed\"><div class=\"wp-block-embed__wrapper\">\nhttps:\/\/www.facebook.com\/ciiasdenic\/photos\/pcb.10159323176369309\/10159323131794309\/\n<\/div><\/figure>\n\n\n\n<figure class=\"wp-block-embed\"><div class=\"wp-block-embed__wrapper\">\nhttps:\/\/www.facebook.com\/ciiasdenic\/photos\/pcb.10159319426029309\/10159319417874309\/\n<\/div><\/figure>\n\n\n\n<figure class=\"wp-block-embed\"><div class=\"wp-block-embed__wrapper\">\nhttps:\/\/www.facebook.com\/ciiasdenic\/photos\/pcb.10159319404094309\/10159319402904309\/\n<\/div><\/figure>\n\n\n\n<figure class=\"wp-block-embed\"><div class=\"wp-block-embed__wrapper\">\nhttps:\/\/www.facebook.com\/ciiasdenic\/photos\/pcb.10159319120504309\/10159319115819309\/\n<\/div><\/figure>\n\n\n\n<figure class=\"wp-block-embed is-type-video is-provider-youtube wp-block-embed-youtube wp-embed-aspect-16-9 wp-has-aspect-ratio\"><div class=\"wp-block-embed__wrapper\">\n<div class=\"nv-iframe-embed\"><iframe title=\"Cultivo de Jengibre\" width=\"1200\" height=\"675\" src=\"https:\/\/www.youtube.com\/embed\/cdTOehVAUGA?feature=oembed\" frameborder=\"0\" allow=\"accelerometer; autoplay; clipboard-write; encrypted-media; gyroscope; picture-in-picture\" allowfullscreen><\/iframe><\/div>\n<\/div><\/figure>\n\n\n\n<figure class=\"wp-block-embed\"><div class=\"wp-block-embed__wrapper\">\nhttps:\/\/www.facebook.com\/ciiasdenic\/photos\/pcb.10159319501919309\/10159319499294309\/\n<\/div><\/figure>\n\n\n\n<p><strong>Plataforma: Cl\u00faster de seguridad alimentaria<\/strong><\/p>\n\n\n\n<figure class=\"wp-block-embed\"><div class=\"wp-block-embed__wrapper\">\nhttps:\/\/cluster-nicaragua.net\/\n<\/div><\/figure>\n\n\n\n<p><strong>Publicaci\u00f3n de la planta de zacate de lim\u00f3n<\/strong><\/p>\n\n\n\n<figure class=\"wp-block-embed\"><div class=\"wp-block-embed__wrapper\">\nhttps:\/\/cluster-nicaragua.net\/catalogo\/8\/planta-de-zacate-de-limon\/\n<\/div><\/figure>\n\n\n\n<p><strong>Publicaci\u00f3n de la planta de menta de arbusto<\/strong><\/p>\n\n\n\n<figure class=\"wp-block-embed\"><div class=\"wp-block-embed__wrapper\">\nhttps:\/\/cluster-nicaragua.net\/catalogo\/7\/plantas-de-menta-tipo-arbusto-por-unidad\/\n<\/div><\/figure>\n","protected":false},"excerpt":{"rendered":"<p>Enlaces de las publicaciones en espacios On-line del proyecto Diputaci\u00f3n de Badajoz: Publicaciones de Facebook Plataforma: Cl\u00faster de seguridad alimentaria Publicaci\u00f3n de la planta de zacate de lim\u00f3n Publicaci\u00f3n de la planta de menta de arbusto<\/p>\n","protected":false},"author":1,"featured_media":0,"parent":0,"menu_order":0,"comment_status":"closed","ping_status":"closed","template":"","meta":{"neve_meta_sidebar":"full-width","neve_meta_container":"","neve_meta_enable_content_width":"on","neve_meta_content_width":100,"neve_meta_title_alignment":"","neve_meta_author_avatar":"","neve_post_elements_order":"","neve_meta_disable_header":"","neve_meta_disable_footer":"","neve_meta_disable_title":"","footnotes":""},"class_list":["post-517","page","type-page","status-publish","hentry"],"yoast_head":"<!-- This site is optimized with the Yoast SEO plugin v27.3 - https:\/\/yoast.com\/product\/yoast-seo-wordpress\/ -->\n<title>Indicadores de publicaciones - Seguridad Alimentaria \u00b7 AUPEX<\/title>\n<meta name=\"robots\" content=\"index, follow, max-snippet:-1, max-image-preview:large, max-video-preview:-1\" \/>\n<link rel=\"canonical\" href=\"https:\/\/seguridadalimentaria.aupex.org\/index.php\/indicadores-de-publicaciones\/\" \/>\n<meta property=\"og:locale\" content=\"es_ES\" \/>\n<meta property=\"og:type\" content=\"article\" \/>\n<meta property=\"og:title\" content=\"Indicadores de publicaciones - Seguridad Alimentaria \u00b7 AUPEX\" \/>\n<meta property=\"og:description\" content=\"Enlaces de las publicaciones en espacios On-line del proyecto Diputaci\u00f3n de Badajoz: Publicaciones de Facebook Plataforma: Cl\u00faster de seguridad alimentaria Publicaci\u00f3n de la planta de zacate de lim\u00f3n Publicaci\u00f3n de la planta de menta de arbusto\" \/>\n<meta property=\"og:url\" content=\"https:\/\/seguridadalimentaria.aupex.org\/index.php\/indicadores-de-publicaciones\/\" \/>\n<meta property=\"og:site_name\" content=\"Seguridad Alimentaria \u00b7 AUPEX\" \/>\n<meta property=\"article:modified_time\" content=\"2021-05-18T15:17:30+00:00\" \/>\n<meta name=\"twitter:card\" content=\"summary_large_image\" \/>\n<meta name=\"twitter:label1\" content=\"Tiempo de lectura\" \/>\n\t<meta name=\"twitter:data1\" content=\"1 minuto\" \/>\n<script type=\"application\/ld+json\" class=\"yoast-schema-graph\">{\"@context\":\"https:\\\/\\\/schema.org\",\"@graph\":[{\"@type\":\"WebPage\",\"@id\":\"https:\\\/\\\/seguridadalimentaria.aupex.org\\\/index.php\\\/indicadores-de-publicaciones\\\/\",\"url\":\"https:\\\/\\\/seguridadalimentaria.aupex.org\\\/index.php\\\/indicadores-de-publicaciones\\\/\",\"name\":\"Indicadores de publicaciones - Seguridad Alimentaria \u00b7 AUPEX\",\"isPartOf\":{\"@id\":\"https:\\\/\\\/seguridadalimentaria.aupex.org\\\/#website\"},\"datePublished\":\"2021-05-18T11:01:10+00:00\",\"dateModified\":\"2021-05-18T15:17:30+00:00\",\"breadcrumb\":{\"@id\":\"https:\\\/\\\/seguridadalimentaria.aupex.org\\\/index.php\\\/indicadores-de-publicaciones\\\/#breadcrumb\"},\"inLanguage\":\"es\",\"potentialAction\":[{\"@type\":\"ReadAction\",\"target\":[\"https:\\\/\\\/seguridadalimentaria.aupex.org\\\/index.php\\\/indicadores-de-publicaciones\\\/\"]}]},{\"@type\":\"BreadcrumbList\",\"@id\":\"https:\\\/\\\/seguridadalimentaria.aupex.org\\\/index.php\\\/indicadores-de-publicaciones\\\/#breadcrumb\",\"itemListElement\":[{\"@type\":\"ListItem\",\"position\":1,\"name\":\"Portada\",\"item\":\"https:\\\/\\\/seguridadalimentaria.aupex.org\\\/\"},{\"@type\":\"ListItem\",\"position\":2,\"name\":\"Indicadores de publicaciones\"}]},{\"@type\":\"WebSite\",\"@id\":\"https:\\\/\\\/seguridadalimentaria.aupex.org\\\/#website\",\"url\":\"https:\\\/\\\/seguridadalimentaria.aupex.org\\\/\",\"name\":\"Seguridad Alimentaria \u00b7 AUPEX\",\"description\":\"\",\"publisher\":{\"@id\":\"https:\\\/\\\/seguridadalimentaria.aupex.org\\\/#organization\"},\"potentialAction\":[{\"@type\":\"SearchAction\",\"target\":{\"@type\":\"EntryPoint\",\"urlTemplate\":\"https:\\\/\\\/seguridadalimentaria.aupex.org\\\/?s={search_term_string}\"},\"query-input\":{\"@type\":\"PropertyValueSpecification\",\"valueRequired\":true,\"valueName\":\"search_term_string\"}}],\"inLanguage\":\"es\"},{\"@type\":\"Organization\",\"@id\":\"https:\\\/\\\/seguridadalimentaria.aupex.org\\\/#organization\",\"name\":\"Seguridad Alimentaria \u00b7 AUPEX\",\"url\":\"https:\\\/\\\/seguridadalimentaria.aupex.org\\\/\",\"logo\":{\"@type\":\"ImageObject\",\"inLanguage\":\"es\",\"@id\":\"https:\\\/\\\/seguridadalimentaria.aupex.org\\\/#\\\/schema\\\/logo\\\/image\\\/\",\"url\":\"https:\\\/\\\/seguridadalimentaria.aupex.org\\\/wp-content\\\/uploads\\\/2021\\\/05\\\/cropped-WhatsApp-Image-2021-05-10-at-14.06.21-1.jpeg\",\"contentUrl\":\"https:\\\/\\\/seguridadalimentaria.aupex.org\\\/wp-content\\\/uploads\\\/2021\\\/05\\\/cropped-WhatsApp-Image-2021-05-10-at-14.06.21-1.jpeg\",\"width\":256,\"height\":114,\"caption\":\"Seguridad Alimentaria \u00b7 AUPEX\"},\"image\":{\"@id\":\"https:\\\/\\\/seguridadalimentaria.aupex.org\\\/#\\\/schema\\\/logo\\\/image\\\/\"}}]}<\/script>\n<!-- \/ Yoast SEO plugin. -->","yoast_head_json":{"title":"Indicadores de publicaciones - Seguridad Alimentaria \u00b7 AUPEX","robots":{"index":"index","follow":"follow","max-snippet":"max-snippet:-1","max-image-preview":"max-image-preview:large","max-video-preview":"max-video-preview:-1"},"canonical":"https:\/\/seguridadalimentaria.aupex.org\/index.php\/indicadores-de-publicaciones\/","og_locale":"es_ES","og_type":"article","og_title":"Indicadores de publicaciones - Seguridad Alimentaria \u00b7 AUPEX","og_description":"Enlaces de las publicaciones en espacios On-line del proyecto Diputaci\u00f3n de Badajoz: Publicaciones de Facebook Plataforma: Cl\u00faster de seguridad alimentaria Publicaci\u00f3n de la planta de zacate de lim\u00f3n Publicaci\u00f3n de la planta de menta de arbusto","og_url":"https:\/\/seguridadalimentaria.aupex.org\/index.php\/indicadores-de-publicaciones\/","og_site_name":"Seguridad Alimentaria \u00b7 AUPEX","article_modified_time":"2021-05-18T15:17:30+00:00","twitter_card":"summary_large_image","twitter_misc":{"Tiempo de lectura":"1 minuto"},"schema":{"@context":"https:\/\/schema.org","@graph":[{"@type":"WebPage","@id":"https:\/\/seguridadalimentaria.aupex.org\/index.php\/indicadores-de-publicaciones\/","url":"https:\/\/seguridadalimentaria.aupex.org\/index.php\/indicadores-de-publicaciones\/","name":"Indicadores de publicaciones - Seguridad Alimentaria \u00b7 AUPEX","isPartOf":{"@id":"https:\/\/seguridadalimentaria.aupex.org\/#website"},"datePublished":"2021-05-18T11:01:10+00:00","dateModified":"2021-05-18T15:17:30+00:00","breadcrumb":{"@id":"https:\/\/seguridadalimentaria.aupex.org\/index.php\/indicadores-de-publicaciones\/#breadcrumb"},"inLanguage":"es","potentialAction":[{"@type":"ReadAction","target":["https:\/\/seguridadalimentaria.aupex.org\/index.php\/indicadores-de-publicaciones\/"]}]},{"@type":"BreadcrumbList","@id":"https:\/\/seguridadalimentaria.aupex.org\/index.php\/indicadores-de-publicaciones\/#breadcrumb","itemListElement":[{"@type":"ListItem","position":1,"name":"Portada","item":"https:\/\/seguridadalimentaria.aupex.org\/"},{"@type":"ListItem","position":2,"name":"Indicadores de publicaciones"}]},{"@type":"WebSite","@id":"https:\/\/seguridadalimentaria.aupex.org\/#website","url":"https:\/\/seguridadalimentaria.aupex.org\/","name":"Seguridad Alimentaria \u00b7 AUPEX","description":"","publisher":{"@id":"https:\/\/seguridadalimentaria.aupex.org\/#organization"},"potentialAction":[{"@type":"SearchAction","target":{"@type":"EntryPoint","urlTemplate":"https:\/\/seguridadalimentaria.aupex.org\/?s={search_term_string}"},"query-input":{"@type":"PropertyValueSpecification","valueRequired":true,"valueName":"search_term_string"}}],"inLanguage":"es"},{"@type":"Organization","@id":"https:\/\/seguridadalimentaria.aupex.org\/#organization","name":"Seguridad Alimentaria \u00b7 AUPEX","url":"https:\/\/seguridadalimentaria.aupex.org\/","logo":{"@type":"ImageObject","inLanguage":"es","@id":"https:\/\/seguridadalimentaria.aupex.org\/#\/schema\/logo\/image\/","url":"https:\/\/seguridadalimentaria.aupex.org\/wp-content\/uploads\/2021\/05\/cropped-WhatsApp-Image-2021-05-10-at-14.06.21-1.jpeg","contentUrl":"https:\/\/seguridadalimentaria.aupex.org\/wp-content\/uploads\/2021\/05\/cropped-WhatsApp-Image-2021-05-10-at-14.06.21-1.jpeg","width":256,"height":114,"caption":"Seguridad Alimentaria \u00b7 AUPEX"},"image":{"@id":"https:\/\/seguridadalimentaria.aupex.org\/#\/schema\/logo\/image\/"}}]}},"_links":{"self":[{"href":"https:\/\/seguridadalimentaria.aupex.org\/index.php\/wp-json\/wp\/v2\/pages\/517","targetHints":{"allow":["GET"]}}],"collection":[{"href":"https:\/\/seguridadalimentaria.aupex.org\/index.php\/wp-json\/wp\/v2\/pages"}],"about":[{"href":"https:\/\/seguridadalimentaria.aupex.org\/index.php\/wp-json\/wp\/v2\/types\/page"}],"author":[{"embeddable":true,"href":"https:\/\/seguridadalimentaria.aupex.org\/index.php\/wp-json\/wp\/v2\/users\/1"}],"replies":[{"embeddable":true,"href":"https:\/\/seguridadalimentaria.aupex.org\/index.php\/wp-json\/wp\/v2\/comments?post=517"}],"version-history":[{"count":2,"href":"https:\/\/seguridadalimentaria.aupex.org\/index.php\/wp-json\/wp\/v2\/pages\/517\/revisions"}],"predecessor-version":[{"id":633,"href":"https:\/\/seguridadalimentaria.aupex.org\/index.php\/wp-json\/wp\/v2\/pages\/517\/revisions\/633"}],"wp:attachment":[{"href":"https:\/\/seguridadalimentaria.aupex.org\/index.php\/wp-json\/wp\/v2\/media?parent=517"}],"curies":[{"name":"wp","href":"https:\/\/api.w.org\/{rel}","templated":true}]}}